{"id":1109,"date":"2025-03-20T16:44:24","date_gmt":"2025-03-20T21:44:24","guid":{"rendered":"https:\/\/cladotaciones.com\/inicio\/?post_type=product&#038;p=1109"},"modified":"2025-03-20T16:56:46","modified_gmt":"2025-03-20T21:56:46","slug":"calzado-pu-perseverance-en-poliuretano-color-negro-azul-blanco-cafe","status":"publish","type":"product","link":"https:\/\/cladotaciones.com\/inicio\/producto\/calzado-pu-perseverance-en-poliuretano-color-negro-azul-blanco-cafe\/","title":{"rendered":"Calzado PU Perseverance en poliuretano color, Negro ,azul ,blanco ,Caf\u00e9"},"content":{"rendered":"<p>Calzado bidensidad en poliuretano , tipo Full PU , c\u00f3modo , liviano y seguro para labores de salud, restaurantes , plantas de costura , laboratorios y personal de servicios generales , Inyecci\u00f3n espec\u00edfica en la huella que optimiza una excelente adherencia a la superficie, Inyecci\u00f3n en la parte superior que aumenta el confort ( Ergon\u00f3mico ) y absorci\u00f3n de impacto, Resistente a hidrocarburos , ( Calzado Diel\u00e9ctrico ) con propiedad disipativa de cargas est\u00e1ticas (Antiest\u00e1tico). Disponible Tallas 34 a 43<\/p>\n","protected":false},"excerpt":{"rendered":"<p>Calzado bidensidad en poliuretano , tipo Full PU , c\u00f3modo , liviano y seguro para labores de salud, restaurantes , plantas de costura , laboratorios y personal de servicios generales , Inyecci\u00f3n espec\u00edfica en la huella que optimiza una excelente adherencia a la superficie, Inyecci\u00f3n en la parte superior que aumenta el confort ( Ergon\u00f3mico [&hellip;]<\/p>\n","protected":false},"featured_media":1110,"comment_status":"open","ping_status":"closed","template":"","meta":{"_uag_custom_page_level_css":"","_monsterinsights_skip_tracking":false,"_monsterinsights_sitenote_active":false,"_monsterinsights_sitenote_note":"","_monsterinsights_sitenote_category":0,"site-sidebar-layout":"default","site-content-layout":"","ast-site-content-layout":"default","site-content-style":"default","site-sidebar-style":"default","ast-global-header-display":"","ast-banner-title-visibility":"","ast-main-header-display":"","ast-hfb-above-header-display":"","ast-hfb-below-header-display":"","ast-hfb-mobile-header-display":"","site-post-title":"","ast-breadcrumbs-content":"","ast-featured-img":"","footer-sml-layout":"","ast-disable-related-posts":"","theme-transparent-header-meta":"default","adv-header-id-meta":"","stick-header-meta":"","header-above-stick-meta":"","header-main-stick-meta":"","header-below-stick-meta":"","astra-migrate-meta-layouts":"set","ast-page-background-enabled":"default","ast-page-background-meta":{"desktop":{"background-color":"var(--ast-global-color-4)","background-image":"","background-repeat":"repeat","background-position":"center center","background-size":"auto","background-attachment":"scroll","background-type":"","background-media":"","overlay-type":"","overlay-color":"","overlay-opacity":"","overlay-gradient":""},"tablet":{"background-color":"","background-image":"","background-repeat":"repeat","background-position":"center center","background-size":"auto","background-attachment":"scroll","background-type":"","background-media":"","overlay-type":"","overlay-color":"","overlay-opacity":"","overlay-gradient":""},"mobile":{"background-color":"","background-image":"","background-repeat":"repeat","background-position":"center center","background-size":"auto","background-attachment":"scroll","background-type":"","background-media":"","overlay-type":"","overlay-color":"","overlay-opacity":"","overlay-gradient":""}},"ast-content-background-meta":{"desktop":{"background-color":"var(--ast-global-color-5)","background-image":"","background-repeat":"repeat","background-position":"center center","background-size":"auto","background-attachment":"scroll","background-type":"","background-media":"","overlay-type":"","overlay-color":"","overlay-opacity":"","overlay-gradient":""},"tablet":{"background-color":"var(--ast-global-color-5)","background-image":"","background-repeat":"repeat","background-position":"center center","background-size":"auto","background-attachment":"scroll","background-type":"","background-media":"","overlay-type":"","overlay-color":"","overlay-opacity":"","overlay-gradient":""},"mobile":{"background-color":"var(--ast-global-color-5)","background-image":"","background-repeat":"repeat","background-position":"center center","background-size":"auto","background-attachment":"scroll","background-type":"","background-media":"","overlay-type":"","overlay-color":"","overlay-opacity":"","overlay-gradient":""}}},"product_brand":[],"product_cat":[30],"product_tag":[],"class_list":{"0":"post-1109","1":"product","2":"type-product","3":"status-publish","4":"has-post-thumbnail","6":"product_cat-botas-y-calzado","7":"desktop-align-left","8":"tablet-align-left","9":"mobile-align-left","11":"first","12":"instock","13":"taxable","14":"shipping-taxable","15":"product-type-simple"},"aioseo_notices":[],"uagb_featured_image_src":{"full":["https:\/\/cladotaciones.com\/wp-content\/uploads\/2025\/03\/Diseno-sin-titulo-2.jpg",1000,1000,false],"thumbnail":["https:\/\/cladotaciones.com\/wp-content\/uploads\/2025\/03\/Diseno-sin-titulo-2-150x150.jpg",150,150,true],"medium":["https:\/\/cladotaciones.com\/wp-content\/uploads\/2025\/03\/Diseno-sin-titulo-2-300x300.jpg",300,300,true],"medium_large":["https:\/\/cladotaciones.com\/wp-content\/uploads\/2025\/03\/Diseno-sin-titulo-2-768x768.jpg",768,768,true],"large":["https:\/\/cladotaciones.com\/wp-content\/uploads\/2025\/03\/Diseno-sin-titulo-2.jpg",1000,1000,false],"1536x1536":["https:\/\/cladotaciones.com\/wp-content\/uploads\/2025\/03\/Diseno-sin-titulo-2.jpg",1000,1000,false],"2048x2048":["https:\/\/cladotaciones.com\/wp-content\/uploads\/2025\/03\/Diseno-sin-titulo-2.jpg",1000,1000,false],"mailpoet_newsletter_max":["https:\/\/cladotaciones.com\/wp-content\/uploads\/2025\/03\/Diseno-sin-titulo-2.jpg",1000,1000,false],"woocommerce_thumbnail":["https:\/\/cladotaciones.com\/wp-content\/uploads\/2025\/03\/Diseno-sin-titulo-2-300x300.jpg",300,300,true],"woocommerce_single":["https:\/\/cladotaciones.com\/wp-content\/uploads\/2025\/03\/Diseno-sin-titulo-2-600x600.jpg",600,600,true],"woocommerce_gallery_thumbnail":["https:\/\/cladotaciones.com\/wp-content\/uploads\/2025\/03\/Diseno-sin-titulo-2-100x100.jpg",100,100,true]},"uagb_author_info":{"display_name":"ventascla02@gmail.com","author_link":"https:\/\/cladotaciones.com\/inicio\/author\/"},"uagb_comment_info":0,"uagb_excerpt":"Calzado bidensidad en poliuretano , tipo Full PU , c\u00f3modo , liviano y seguro para labores de salud, restaurantes , plantas de costura , laboratorios y personal de servicios generales , Inyecci\u00f3n espec\u00edfica en la huella que optimiza una excelente adherencia a la superficie, Inyecci\u00f3n en la parte superior que aumenta el confort ( Ergon\u00f3mico&hellip;","jetpack_sharing_enabled":true,"_links":{"self":[{"href":"https:\/\/cladotaciones.com\/inicio\/wp-json\/wp\/v2\/product\/1109","targetHints":{"allow":["GET"]}}],"collection":[{"href":"https:\/\/cladotaciones.com\/inicio\/wp-json\/wp\/v2\/product"}],"about":[{"href":"https:\/\/cladotaciones.com\/inicio\/wp-json\/wp\/v2\/types\/product"}],"replies":[{"embeddable":true,"href":"https:\/\/cladotaciones.com\/inicio\/wp-json\/wp\/v2\/comments?post=1109"}],"version-history":[{"count":1,"href":"https:\/\/cladotaciones.com\/inicio\/wp-json\/wp\/v2\/product\/1109\/revisions"}],"predecessor-version":[{"id":1112,"href":"https:\/\/cladotaciones.com\/inicio\/wp-json\/wp\/v2\/product\/1109\/revisions\/1112"}],"wp:featuredmedia":[{"embeddable":true,"href":"https:\/\/cladotaciones.com\/inicio\/wp-json\/wp\/v2\/media\/1110"}],"wp:attachment":[{"href":"https:\/\/cladotaciones.com\/inicio\/wp-json\/wp\/v2\/media?parent=1109"}],"wp:term":[{"taxonomy":"product_brand","embeddable":true,"href":"https:\/\/cladotaciones.com\/inicio\/wp-json\/wp\/v2\/product_brand?post=1109"},{"taxonomy":"product_cat","embeddable":true,"href":"https:\/\/cladotaciones.com\/inicio\/wp-json\/wp\/v2\/product_cat?post=1109"},{"taxonomy":"product_tag","embeddable":true,"href":"https:\/\/cladotaciones.com\/inicio\/wp-json\/wp\/v2\/product_tag?post=1109"}],"curies":[{"name":"wp","href":"https:\/\/api.w.org\/{rel}","templated":true}]}}