{"id":1113,"date":"2025-03-20T16:58:25","date_gmt":"2025-03-20T21:58:25","guid":{"rendered":"https:\/\/cladotaciones.com\/inicio\/?post_type=product&#038;p=1113"},"modified":"2025-03-20T17:04:25","modified_gmt":"2025-03-20T22:04:25","slug":"bota-de-seguridad-dielectrica-725500-indiana-c-p","status":"publish","type":"product","link":"https:\/\/cladotaciones.com\/inicio\/producto\/bota-de-seguridad-dielectrica-725500-indiana-c-p\/","title":{"rendered":"Bota de seguridad diel\u00e9ctrica 725500 Indiana C\/P"},"content":{"rendered":"<p>Color: Negro.<br \/>\nTallas: 34-44.<br \/>\nConstrucci\u00f3n: Inyectada.<br \/>\nPuntera: Policarbonato. NO MET\u00c1LICA.<br \/>\nSistema de ajuste: Cordones encerados y redondos.<br \/>\nOj\u00e1leles: Pl\u00e1sticos no conductores de electricidad.<br \/>\nContrafuerte: Tela no tejida. Poli\u00e9ster y resinas acr\u00edlicas.<br \/>\nCuello: Anat\u00f3mico, alto para mayor comodidad.<br \/>\nLeng\u00fceta: Lona impermeable, forrada y acolchada.<br \/>\nSuela: Poliuretano &#8211; Poliuretano BICOLOR, resistente a hidrocarburos, diel\u00e9ctrica, alta resistencia a la abrasi\u00f3n y flexible. Recubrimiento de puntera para menor desgaste.<\/p>\n","protected":false},"excerpt":{"rendered":"<p>Color: Negro. Tallas: 34-44. Construcci\u00f3n: Inyectada. Puntera: Policarbonato. NO MET\u00c1LICA. Sistema de ajuste: Cordones encerados y redondos. Oj\u00e1leles: Pl\u00e1sticos no conductores de electricidad. Contrafuerte: Tela no tejida. Poli\u00e9ster y resinas acr\u00edlicas. Cuello: Anat\u00f3mico, alto para mayor comodidad. Leng\u00fceta: Lona impermeable, forrada y acolchada. Suela: Poliuretano &#8211; Poliuretano BICOLOR, resistente a hidrocarburos, diel\u00e9ctrica, alta resistencia a [&hellip;]<\/p>\n","protected":false},"featured_media":1114,"comment_status":"open","ping_status":"closed","template":"","meta":{"_uag_custom_page_level_css":"","_monsterinsights_skip_tracking":false,"_monsterinsights_sitenote_active":false,"_monsterinsights_sitenote_note":"","_monsterinsights_sitenote_category":0,"site-sidebar-layout":"default","site-content-layout":"","ast-site-content-layout":"default","site-content-style":"default","site-sidebar-style":"default","ast-global-header-display":"","ast-banner-title-visibility":"","ast-main-header-display":"","ast-hfb-above-header-display":"","ast-hfb-below-header-display":"","ast-hfb-mobile-header-display":"","site-post-title":"","ast-breadcrumbs-content":"","ast-featured-img":"","footer-sml-layout":"","ast-disable-related-posts":"","theme-transparent-header-meta":"default","adv-header-id-meta":"","stick-header-meta":"","header-above-stick-meta":"","header-main-stick-meta":"","header-below-stick-meta":"","astra-migrate-meta-layouts":"set","ast-page-background-enabled":"default","ast-page-background-meta":{"desktop":{"background-color":"var(--ast-global-color-4)","background-image":"","background-repeat":"repeat","background-position":"center center","background-size":"auto","background-attachment":"scroll","background-type":"","background-media":"","overlay-type":"","overlay-color":"","overlay-opacity":"","overlay-gradient":""},"tablet":{"background-color":"","background-image":"","background-repeat":"repeat","background-position":"center center","background-size":"auto","background-attachment":"scroll","background-type":"","background-media":"","overlay-type":"","overlay-color":"","overlay-opacity":"","overlay-gradient":""},"mobile":{"background-color":"","background-image":"","background-repeat":"repeat","background-position":"center center","background-size":"auto","background-attachment":"scroll","background-type":"","background-media":"","overlay-type":"","overlay-color":"","overlay-opacity":"","overlay-gradient":""}},"ast-content-background-meta":{"desktop":{"background-color":"var(--ast-global-color-5)","background-image":"","background-repeat":"repeat","background-position":"center center","background-size":"auto","background-attachment":"scroll","background-type":"","background-media":"","overlay-type":"","overlay-color":"","overlay-opacity":"","overlay-gradient":""},"tablet":{"background-color":"var(--ast-global-color-5)","background-image":"","background-repeat":"repeat","background-position":"center center","background-size":"auto","background-attachment":"scroll","background-type":"","background-media":"","overlay-type":"","overlay-color":"","overlay-opacity":"","overlay-gradient":""},"mobile":{"background-color":"var(--ast-global-color-5)","background-image":"","background-repeat":"repeat","background-position":"center center","background-size":"auto","background-attachment":"scroll","background-type":"","background-media":"","overlay-type":"","overlay-color":"","overlay-opacity":"","overlay-gradient":""}}},"product_brand":[],"product_cat":[30],"product_tag":[],"class_list":{"0":"post-1113","1":"product","2":"type-product","3":"status-publish","4":"has-post-thumbnail","6":"product_cat-botas-y-calzado","7":"desktop-align-left","8":"tablet-align-left","9":"mobile-align-left","11":"first","12":"instock","13":"taxable","14":"shipping-taxable","15":"product-type-simple"},"aioseo_notices":[],"uagb_featured_image_src":{"full":["https:\/\/cladotaciones.com\/wp-content\/uploads\/2025\/03\/Diseno-sin-titulo-3.jpg",1000,1000,false],"thumbnail":["https:\/\/cladotaciones.com\/wp-content\/uploads\/2025\/03\/Diseno-sin-titulo-3-150x150.jpg",150,150,true],"medium":["https:\/\/cladotaciones.com\/wp-content\/uploads\/2025\/03\/Diseno-sin-titulo-3-300x300.jpg",300,300,true],"medium_large":["https:\/\/cladotaciones.com\/wp-content\/uploads\/2025\/03\/Diseno-sin-titulo-3-768x768.jpg",768,768,true],"large":["https:\/\/cladotaciones.com\/wp-content\/uploads\/2025\/03\/Diseno-sin-titulo-3.jpg",1000,1000,false],"1536x1536":["https:\/\/cladotaciones.com\/wp-content\/uploads\/2025\/03\/Diseno-sin-titulo-3.jpg",1000,1000,false],"2048x2048":["https:\/\/cladotaciones.com\/wp-content\/uploads\/2025\/03\/Diseno-sin-titulo-3.jpg",1000,1000,false],"mailpoet_newsletter_max":["https:\/\/cladotaciones.com\/wp-content\/uploads\/2025\/03\/Diseno-sin-titulo-3.jpg",1000,1000,false],"woocommerce_thumbnail":["https:\/\/cladotaciones.com\/wp-content\/uploads\/2025\/03\/Diseno-sin-titulo-3-300x300.jpg",300,300,true],"woocommerce_single":["https:\/\/cladotaciones.com\/wp-content\/uploads\/2025\/03\/Diseno-sin-titulo-3-600x600.jpg",600,600,true],"woocommerce_gallery_thumbnail":["https:\/\/cladotaciones.com\/wp-content\/uploads\/2025\/03\/Diseno-sin-titulo-3-100x100.jpg",100,100,true]},"uagb_author_info":{"display_name":"ventascla02@gmail.com","author_link":"https:\/\/cladotaciones.com\/inicio\/author\/"},"uagb_comment_info":0,"uagb_excerpt":"Color: Negro. Tallas: 34-44. Construcci\u00f3n: Inyectada. Puntera: Policarbonato. NO MET\u00c1LICA. Sistema de ajuste: Cordones encerados y redondos. Oj\u00e1leles: Pl\u00e1sticos no conductores de electricidad. Contrafuerte: Tela no tejida. Poli\u00e9ster y resinas acr\u00edlicas. Cuello: Anat\u00f3mico, alto para mayor comodidad. Leng\u00fceta: Lona impermeable, forrada y acolchada. Suela: Poliuretano &#8211; Poliuretano BICOLOR, resistente a hidrocarburos, diel\u00e9ctrica, alta resistencia a&hellip;","jetpack_sharing_enabled":true,"_links":{"self":[{"href":"https:\/\/cladotaciones.com\/inicio\/wp-json\/wp\/v2\/product\/1113","targetHints":{"allow":["GET"]}}],"collection":[{"href":"https:\/\/cladotaciones.com\/inicio\/wp-json\/wp\/v2\/product"}],"about":[{"href":"https:\/\/cladotaciones.com\/inicio\/wp-json\/wp\/v2\/types\/product"}],"replies":[{"embeddable":true,"href":"https:\/\/cladotaciones.com\/inicio\/wp-json\/wp\/v2\/comments?post=1113"}],"version-history":[{"count":1,"href":"https:\/\/cladotaciones.com\/inicio\/wp-json\/wp\/v2\/product\/1113\/revisions"}],"predecessor-version":[{"id":1121,"href":"https:\/\/cladotaciones.com\/inicio\/wp-json\/wp\/v2\/product\/1113\/revisions\/1121"}],"wp:featuredmedia":[{"embeddable":true,"href":"https:\/\/cladotaciones.com\/inicio\/wp-json\/wp\/v2\/media\/1114"}],"wp:attachment":[{"href":"https:\/\/cladotaciones.com\/inicio\/wp-json\/wp\/v2\/media?parent=1113"}],"wp:term":[{"taxonomy":"product_brand","embeddable":true,"href":"https:\/\/cladotaciones.com\/inicio\/wp-json\/wp\/v2\/product_brand?post=1113"},{"taxonomy":"product_cat","embeddable":true,"href":"https:\/\/cladotaciones.com\/inicio\/wp-json\/wp\/v2\/product_cat?post=1113"},{"taxonomy":"product_tag","embeddable":true,"href":"https:\/\/cladotaciones.com\/inicio\/wp-json\/wp\/v2\/product_tag?post=1113"}],"curies":[{"name":"wp","href":"https:\/\/api.w.org\/{rel}","templated":true}]}}