{"id":1151,"date":"2026-01-19T19:49:24","date_gmt":"2026-01-20T00:49:24","guid":{"rendered":"https:\/\/cladotaciones.com\/inicio\/?post_type=product&#038;p=1151"},"modified":"2026-01-19T19:49:24","modified_gmt":"2026-01-20T00:49:24","slug":"guerrera-acidos-grasos-blanca","status":"publish","type":"product","link":"https:\/\/cladotaciones.com\/inicio\/producto\/guerrera-acidos-grasos-blanca\/","title":{"rendered":"Guerrera \u00c1cidos Grasos blanca"},"content":{"rendered":"<p>Botas de PVC con resistencia a hidrocarburos (RH), 100% impermeables y altamente resistentes a \u00e1cidos grasos, sangre, grasas animales y vegetales, as\u00ed como a detergentes. Tambi\u00e9n son resistentes a cambios de temperatura y ayudan a inhibir la proliferaci\u00f3n de hongos y bacterias.<\/p>\n<p>Cuentan con puntera de acero que cumple con la normativa t\u00e9cnica ISO 22568-1, recubierta con pintura electrost\u00e1tica para ayudar a regular choques el\u00e9ctricos. La suela incorpora la tecnolog\u00eda Shock Absorber, un sistema eficiente de absorci\u00f3n de impactos que ofrece mayor amortiguaci\u00f3n al caminar.<\/p>\n","protected":false},"excerpt":{"rendered":"<p>Botas de PVC con resistencia a hidrocarburos (RH), 100% impermeables y altamente resistentes a \u00e1cidos grasos, sangre, grasas animales y vegetales, as\u00ed como a detergentes. Tambi\u00e9n son resistentes a cambios de temperatura y ayudan a inhibir la proliferaci\u00f3n de hongos y bacterias. Cuentan con puntera de acero que cumple con la normativa t\u00e9cnica ISO 22568-1, [&hellip;]<\/p>\n","protected":false},"featured_media":1152,"comment_status":"open","ping_status":"closed","template":"","meta":{"_uag_custom_page_level_css":"","_monsterinsights_skip_tracking":false,"_monsterinsights_sitenote_active":false,"_monsterinsights_sitenote_note":"","_monsterinsights_sitenote_category":0,"site-sidebar-layout":"default","site-content-layout":"","ast-site-content-layout":"default","site-content-style":"default","site-sidebar-style":"default","ast-global-header-display":"","ast-banner-title-visibility":"","ast-main-header-display":"","ast-hfb-above-header-display":"","ast-hfb-below-header-display":"","ast-hfb-mobile-header-display":"","site-post-title":"","ast-breadcrumbs-content":"","ast-featured-img":"","footer-sml-layout":"","ast-disable-related-posts":"","theme-transparent-header-meta":"default","adv-header-id-meta":"","stick-header-meta":"","header-above-stick-meta":"","header-main-stick-meta":"","header-below-stick-meta":"","astra-migrate-meta-layouts":"set","ast-page-background-enabled":"default","ast-page-background-meta":{"desktop":{"background-color":"var(--ast-global-color-4)","background-image":"","background-repeat":"repeat","background-position":"center center","background-size":"auto","background-attachment":"scroll","background-type":"","background-media":"","overlay-type":"","overlay-color":"","overlay-opacity":"","overlay-gradient":""},"tablet":{"background-color":"","background-image":"","background-repeat":"repeat","background-position":"center center","background-size":"auto","background-attachment":"scroll","background-type":"","background-media":"","overlay-type":"","overlay-color":"","overlay-opacity":"","overlay-gradient":""},"mobile":{"background-color":"","background-image":"","background-repeat":"repeat","background-position":"center center","background-size":"auto","background-attachment":"scroll","background-type":"","background-media":"","overlay-type":"","overlay-color":"","overlay-opacity":"","overlay-gradient":""}},"ast-content-background-meta":{"desktop":{"background-color":"var(--ast-global-color-5)","background-image":"","background-repeat":"repeat","background-position":"center center","background-size":"auto","background-attachment":"scroll","background-type":"","background-media":"","overlay-type":"","overlay-color":"","overlay-opacity":"","overlay-gradient":""},"tablet":{"background-color":"var(--ast-global-color-5)","background-image":"","background-repeat":"repeat","background-position":"center center","background-size":"auto","background-attachment":"scroll","background-type":"","background-media":"","overlay-type":"","overlay-color":"","overlay-opacity":"","overlay-gradient":""},"mobile":{"background-color":"var(--ast-global-color-5)","background-image":"","background-repeat":"repeat","background-position":"center center","background-size":"auto","background-attachment":"scroll","background-type":"","background-media":"","overlay-type":"","overlay-color":"","overlay-opacity":"","overlay-gradient":""}}},"product_brand":[],"product_cat":[30],"product_tag":[],"class_list":{"0":"post-1151","1":"product","2":"type-product","3":"status-publish","4":"has-post-thumbnail","6":"product_cat-botas-y-calzado","7":"desktop-align-left","8":"tablet-align-left","9":"mobile-align-left","11":"first","12":"instock","13":"taxable","14":"shipping-taxable","15":"product-type-simple"},"aioseo_notices":[],"uagb_featured_image_src":{"full":["https:\/\/cladotaciones.com\/wp-content\/uploads\/2026\/01\/WhatsApp-Image-2026-01-19-at-7.39.17-PM.jpeg",873,1090,false],"thumbnail":["https:\/\/cladotaciones.com\/wp-content\/uploads\/2026\/01\/WhatsApp-Image-2026-01-19-at-7.39.17-PM-150x150.jpeg",150,150,true],"medium":["https:\/\/cladotaciones.com\/wp-content\/uploads\/2026\/01\/WhatsApp-Image-2026-01-19-at-7.39.17-PM-240x300.jpeg",240,300,true],"medium_large":["https:\/\/cladotaciones.com\/wp-content\/uploads\/2026\/01\/WhatsApp-Image-2026-01-19-at-7.39.17-PM-768x959.jpeg",768,959,true],"large":["https:\/\/cladotaciones.com\/wp-content\/uploads\/2026\/01\/WhatsApp-Image-2026-01-19-at-7.39.17-PM-820x1024.jpeg",820,1024,true],"1536x1536":["https:\/\/cladotaciones.com\/wp-content\/uploads\/2026\/01\/WhatsApp-Image-2026-01-19-at-7.39.17-PM.jpeg",873,1090,false],"2048x2048":["https:\/\/cladotaciones.com\/wp-content\/uploads\/2026\/01\/WhatsApp-Image-2026-01-19-at-7.39.17-PM.jpeg",873,1090,false],"mailpoet_newsletter_max":["https:\/\/cladotaciones.com\/wp-content\/uploads\/2026\/01\/WhatsApp-Image-2026-01-19-at-7.39.17-PM.jpeg",873,1090,false],"woocommerce_thumbnail":["https:\/\/cladotaciones.com\/wp-content\/uploads\/2026\/01\/WhatsApp-Image-2026-01-19-at-7.39.17-PM-300x300.jpeg",300,300,true],"woocommerce_single":["https:\/\/cladotaciones.com\/wp-content\/uploads\/2026\/01\/WhatsApp-Image-2026-01-19-at-7.39.17-PM-600x749.jpeg",600,749,true],"woocommerce_gallery_thumbnail":["https:\/\/cladotaciones.com\/wp-content\/uploads\/2026\/01\/WhatsApp-Image-2026-01-19-at-7.39.17-PM-100x100.jpeg",100,100,true]},"uagb_author_info":{"display_name":"ventascla02@gmail.com","author_link":"https:\/\/cladotaciones.com\/inicio\/author\/"},"uagb_comment_info":0,"uagb_excerpt":"Botas de PVC con resistencia a hidrocarburos (RH), 100% impermeables y altamente resistentes a \u00e1cidos grasos, sangre, grasas animales y vegetales, as\u00ed como a detergentes. Tambi\u00e9n son resistentes a cambios de temperatura y ayudan a inhibir la proliferaci\u00f3n de hongos y bacterias. Cuentan con puntera de acero que cumple con la normativa t\u00e9cnica ISO 22568-1,&hellip;","jetpack_sharing_enabled":true,"_links":{"self":[{"href":"https:\/\/cladotaciones.com\/inicio\/wp-json\/wp\/v2\/product\/1151","targetHints":{"allow":["GET"]}}],"collection":[{"href":"https:\/\/cladotaciones.com\/inicio\/wp-json\/wp\/v2\/product"}],"about":[{"href":"https:\/\/cladotaciones.com\/inicio\/wp-json\/wp\/v2\/types\/product"}],"replies":[{"embeddable":true,"href":"https:\/\/cladotaciones.com\/inicio\/wp-json\/wp\/v2\/comments?post=1151"}],"version-history":[{"count":1,"href":"https:\/\/cladotaciones.com\/inicio\/wp-json\/wp\/v2\/product\/1151\/revisions"}],"predecessor-version":[{"id":1156,"href":"https:\/\/cladotaciones.com\/inicio\/wp-json\/wp\/v2\/product\/1151\/revisions\/1156"}],"wp:featuredmedia":[{"embeddable":true,"href":"https:\/\/cladotaciones.com\/inicio\/wp-json\/wp\/v2\/media\/1152"}],"wp:attachment":[{"href":"https:\/\/cladotaciones.com\/inicio\/wp-json\/wp\/v2\/media?parent=1151"}],"wp:term":[{"taxonomy":"product_brand","embeddable":true,"href":"https:\/\/cladotaciones.com\/inicio\/wp-json\/wp\/v2\/product_brand?post=1151"},{"taxonomy":"product_cat","embeddable":true,"href":"https:\/\/cladotaciones.com\/inicio\/wp-json\/wp\/v2\/product_cat?post=1151"},{"taxonomy":"product_tag","embeddable":true,"href":"https:\/\/cladotaciones.com\/inicio\/wp-json\/wp\/v2\/product_tag?post=1151"}],"curies":[{"name":"wp","href":"https:\/\/api.w.org\/{rel}","templated":true}]}}