{"id":1178,"date":"2026-01-19T20:44:25","date_gmt":"2026-01-20T01:44:25","guid":{"rendered":"https:\/\/cladotaciones.com\/inicio\/?post_type=product&#038;p=1178"},"modified":"2026-01-19T20:44:25","modified_gmt":"2026-01-20T01:44:25","slug":"bota-workman-food-industry-premium-confort-blanco","status":"publish","type":"product","link":"https:\/\/cladotaciones.com\/inicio\/producto\/bota-workman-food-industry-premium-confort-blanco\/","title":{"rendered":"Bota Workman Food Industry Premium Confort Blanco"},"content":{"rendered":"<p>Botas para industria alimentaria fabricadas en PVC, las \u00fanicas del mercado con Protec F, un compuesto producido exclusivamente por Croydon que otorga resistencia y protecci\u00f3n frente a los \u00e1cidos grasos propios de los alimentos. Son botas de protecci\u00f3n certificadas por Icontec con sello de producto de calidad bajo los requerimientos de la norma ASTM F2892-18. Es de ca\u00f1a blanca con suela blanca. Tiene un forro interno en 100 % poli\u00e9ster tejido rizo y trae un puente estabilizador para el pie, que ofrece mayor estabilidad al caminar. Tiene una plantilla confort de poliuretano (PU) con forro en poli\u00e9ster.<\/p>\n<p><strong>SKU:<\/strong>\u00a02400010<br \/>\n<strong>COLOR:<\/strong>\u00a0Ca\u00f1a blanca con suela blanca<br \/>\n<strong>FORRO INTERNO:<\/strong>\u00a0100% poli\u00e9ster tejido rizo<br \/>\n<strong>PLANTILLA CONFORT:<\/strong>\u00a0Fabricada en poliuretano (PU) con forro en poli\u00e9ster. Extra\u00edble para facilitar su limpieza con surcos de ventilaci\u00f3n que ayudan a mantener el pie fresco.<br \/>\n<strong>CAMBRI\u00d3N:<\/strong>\u00a0Puente estabilizador para el \u00e1rea de la planta del pie, el cual brinda mayor confort para caminar.<br \/>\n<strong>SUELA:<\/strong>\u00a0Resiste \u00e1cidos grasos propios de los alimentos. Nuevo dise\u00f1o de suela, cumple los requisitos t\u00e9cnicos SRA (Ensayo de deslizamiento sobre cer\u00e1mica con agua jabonosa) de las normas t\u00e9cnicas ISO 20344 y 20345.<br \/>\n<strong>PROCESO:<\/strong>\u00a0Doble inyecci\u00f3n en PVC<br \/>\n<strong>REFERENCIAL T\u00c9CNICO:<\/strong>\u00a0ASTM F2892-18<br \/>\n<strong>TALLA PROMEDIO \/ PESO:<\/strong>\u00a0TP40 \/ 1.899 gr<br \/>\n<strong>ALTURA INTERNA:<\/strong>\u00a012,6\u2033 \/ 32 cm<br \/>\n<strong>TALLA USA:<\/strong>\u00a03 \u2013 14<br \/>\n<strong>TALLA FRA:<\/strong>\u00a035 \u2013 46&#8243;<\/p>\n","protected":false},"excerpt":{"rendered":"<p>Botas para industria alimentaria fabricadas en PVC, las \u00fanicas del mercado con Protec F, un compuesto producido exclusivamente por Croydon que otorga resistencia y protecci\u00f3n frente a los \u00e1cidos grasos propios de los alimentos. Son botas de protecci\u00f3n certificadas por Icontec con sello de producto de calidad bajo los requerimientos de la norma ASTM F2892-18. [&hellip;]<\/p>\n","protected":false},"featured_media":1180,"comment_status":"open","ping_status":"closed","template":"","meta":{"_uag_custom_page_level_css":"","_monsterinsights_skip_tracking":false,"_monsterinsights_sitenote_active":false,"_monsterinsights_sitenote_note":"","_monsterinsights_sitenote_category":0,"site-sidebar-layout":"default","site-content-layout":"","ast-site-content-layout":"default","site-content-style":"default","site-sidebar-style":"default","ast-global-header-display":"","ast-banner-title-visibility":"","ast-main-header-display":"","ast-hfb-above-header-display":"","ast-hfb-below-header-display":"","ast-hfb-mobile-header-display":"","site-post-title":"","ast-breadcrumbs-content":"","ast-featured-img":"","footer-sml-layout":"","ast-disable-related-posts":"","theme-transparent-header-meta":"default","adv-header-id-meta":"","stick-header-meta":"","header-above-stick-meta":"","header-main-stick-meta":"","header-below-stick-meta":"","astra-migrate-meta-layouts":"set","ast-page-background-enabled":"default","ast-page-background-meta":{"desktop":{"background-color":"var(--ast-global-color-4)","background-image":"","background-repeat":"repeat","background-position":"center center","background-size":"auto","background-attachment":"scroll","background-type":"","background-media":"","overlay-type":"","overlay-color":"","overlay-opacity":"","overlay-gradient":""},"tablet":{"background-color":"","background-image":"","background-repeat":"repeat","background-position":"center center","background-size":"auto","background-attachment":"scroll","background-type":"","background-media":"","overlay-type":"","overlay-color":"","overlay-opacity":"","overlay-gradient":""},"mobile":{"background-color":"","background-image":"","background-repeat":"repeat","background-position":"center center","background-size":"auto","background-attachment":"scroll","background-type":"","background-media":"","overlay-type":"","overlay-color":"","overlay-opacity":"","overlay-gradient":""}},"ast-content-background-meta":{"desktop":{"background-color":"var(--ast-global-color-5)","background-image":"","background-repeat":"repeat","background-position":"center center","background-size":"auto","background-attachment":"scroll","background-type":"","background-media":"","overlay-type":"","overlay-color":"","overlay-opacity":"","overlay-gradient":""},"tablet":{"background-color":"var(--ast-global-color-5)","background-image":"","background-repeat":"repeat","background-position":"center center","background-size":"auto","background-attachment":"scroll","background-type":"","background-media":"","overlay-type":"","overlay-color":"","overlay-opacity":"","overlay-gradient":""},"mobile":{"background-color":"var(--ast-global-color-5)","background-image":"","background-repeat":"repeat","background-position":"center center","background-size":"auto","background-attachment":"scroll","background-type":"","background-media":"","overlay-type":"","overlay-color":"","overlay-opacity":"","overlay-gradient":""}}},"product_brand":[],"product_cat":[30],"product_tag":[],"class_list":{"0":"post-1178","1":"product","2":"type-product","3":"status-publish","4":"has-post-thumbnail","6":"product_cat-botas-y-calzado","7":"desktop-align-left","8":"tablet-align-left","9":"mobile-align-left","11":"first","12":"instock","13":"taxable","14":"shipping-taxable","15":"product-type-simple"},"aioseo_notices":[],"uagb_featured_image_src":{"full":["https:\/\/cladotaciones.com\/wp-content\/uploads\/2026\/01\/Diseno-sin-titulo-1.png",1000,1000,false],"thumbnail":["https:\/\/cladotaciones.com\/wp-content\/uploads\/2026\/01\/Diseno-sin-titulo-1-150x150.png",150,150,true],"medium":["https:\/\/cladotaciones.com\/wp-content\/uploads\/2026\/01\/Diseno-sin-titulo-1-300x300.png",300,300,true],"medium_large":["https:\/\/cladotaciones.com\/wp-content\/uploads\/2026\/01\/Diseno-sin-titulo-1-768x768.png",768,768,true],"large":["https:\/\/cladotaciones.com\/wp-content\/uploads\/2026\/01\/Diseno-sin-titulo-1.png",1000,1000,false],"1536x1536":["https:\/\/cladotaciones.com\/wp-content\/uploads\/2026\/01\/Diseno-sin-titulo-1.png",1000,1000,false],"2048x2048":["https:\/\/cladotaciones.com\/wp-content\/uploads\/2026\/01\/Diseno-sin-titulo-1.png",1000,1000,false],"mailpoet_newsletter_max":["https:\/\/cladotaciones.com\/wp-content\/uploads\/2026\/01\/Diseno-sin-titulo-1.png",1000,1000,false],"woocommerce_thumbnail":["https:\/\/cladotaciones.com\/wp-content\/uploads\/2026\/01\/Diseno-sin-titulo-1-300x300.png",300,300,true],"woocommerce_single":["https:\/\/cladotaciones.com\/wp-content\/uploads\/2026\/01\/Diseno-sin-titulo-1-600x600.png",600,600,true],"woocommerce_gallery_thumbnail":["https:\/\/cladotaciones.com\/wp-content\/uploads\/2026\/01\/Diseno-sin-titulo-1-100x100.png",100,100,true]},"uagb_author_info":{"display_name":"ventascla02@gmail.com","author_link":"https:\/\/cladotaciones.com\/inicio\/author\/"},"uagb_comment_info":0,"uagb_excerpt":"Botas para industria alimentaria fabricadas en PVC, las \u00fanicas del mercado con Protec F, un compuesto producido exclusivamente por Croydon que otorga resistencia y protecci\u00f3n frente a los \u00e1cidos grasos propios de los alimentos. Son botas de protecci\u00f3n certificadas por Icontec con sello de producto de calidad bajo los requerimientos de la norma ASTM F2892-18.&hellip;","jetpack_sharing_enabled":true,"_links":{"self":[{"href":"https:\/\/cladotaciones.com\/inicio\/wp-json\/wp\/v2\/product\/1178","targetHints":{"allow":["GET"]}}],"collection":[{"href":"https:\/\/cladotaciones.com\/inicio\/wp-json\/wp\/v2\/product"}],"about":[{"href":"https:\/\/cladotaciones.com\/inicio\/wp-json\/wp\/v2\/types\/product"}],"replies":[{"embeddable":true,"href":"https:\/\/cladotaciones.com\/inicio\/wp-json\/wp\/v2\/comments?post=1178"}],"version-history":[{"count":1,"href":"https:\/\/cladotaciones.com\/inicio\/wp-json\/wp\/v2\/product\/1178\/revisions"}],"predecessor-version":[{"id":1186,"href":"https:\/\/cladotaciones.com\/inicio\/wp-json\/wp\/v2\/product\/1178\/revisions\/1186"}],"wp:featuredmedia":[{"embeddable":true,"href":"https:\/\/cladotaciones.com\/inicio\/wp-json\/wp\/v2\/media\/1180"}],"wp:attachment":[{"href":"https:\/\/cladotaciones.com\/inicio\/wp-json\/wp\/v2\/media?parent=1178"}],"wp:term":[{"taxonomy":"product_brand","embeddable":true,"href":"https:\/\/cladotaciones.com\/inicio\/wp-json\/wp\/v2\/product_brand?post=1178"},{"taxonomy":"product_cat","embeddable":true,"href":"https:\/\/cladotaciones.com\/inicio\/wp-json\/wp\/v2\/product_cat?post=1178"},{"taxonomy":"product_tag","embeddable":true,"href":"https:\/\/cladotaciones.com\/inicio\/wp-json\/wp\/v2\/product_tag?post=1178"}],"curies":[{"name":"wp","href":"https:\/\/api.w.org\/{rel}","templated":true}]}}