{"id":1194,"date":"2026-01-19T23:41:34","date_gmt":"2026-01-20T04:41:34","guid":{"rendered":"https:\/\/cladotaciones.com\/inicio\/?post_type=product&#038;p=1194"},"modified":"2026-01-19T23:41:34","modified_gmt":"2026-01-20T04:41:34","slug":"extintor-tipo-robot-de-80-libras-tipos-quimico-seco-bc-y-abc","status":"publish","type":"product","link":"https:\/\/cladotaciones.com\/inicio\/producto\/extintor-tipo-robot-de-80-libras-tipos-quimico-seco-bc-y-abc\/","title":{"rendered":"Extintor Tipo Robot de 80 libras Tipos: Qu\u00edmico Seco BC y ABC."},"content":{"rendered":"<div class=\"otQkpb\" role=\"heading\" aria-level=\"3\" data-animation-nesting=\"\" data-sfc-cp=\"\" data-processed=\"true\" data-sae=\"\" data-complete=\"true\">Tipos de Fuego que Combate<button class=\"rBl3me\" tabindex=\"0\" data-amic=\"true\" data-icl-uuid=\"26af651f-5efa-4bac-a0c0-67336e682d8c\" aria-label=\"Ver v\u00ednculos relacionados\" data-wiz-attrbind=\"disabled=a7MNp_o\/C5gNJc;aria-label=a7MNp_o\/bOjMyf;class=a7MNp_o\/UpSNec\" data-ved=\"2ahUKEwiSuJ3soZmSAxWQRjABHehnNvYQye0OegQIAxAA\"><\/button><\/div>\n<div class=\"Y3BBE\" data-sfc-cp=\"\" data-hveid=\"CAQQAA\" data-complete=\"true\" data-processed=\"true\">La clasificaci\u00f3n ABC indica los tipos espec\u00edficos de incendios que este agente extintor puede sofocar:<span class=\"uJ19be notranslate\" data-wiz-uids=\"a7MNp_s\" data-complete=\"true\" data-processed=\"true\"><span class=\"vKEkVd\" data-animation-atomic=\"\" data-wiz-attrbind=\"class=a7MNp_r\/TKHnVd\" data-sae=\"\">\u00a0<button class=\"rBl3me\" tabindex=\"0\" data-amic=\"true\" data-icl-uuid=\"bf323940-42f3-49c8-8da5-6d8856fce60b\" aria-label=\"Ver v\u00ednculos relacionados\" data-wiz-attrbind=\"disabled=a7MNp_r\/C5gNJc;aria-label=a7MNp_r\/bOjMyf;class=a7MNp_r\/UpSNec\" data-ved=\"2ahUKEwiSuJ3soZmSAxWQRjABHehnNvYQye0OegQIBBAB\"><\/button><\/span><\/span><\/div>\n<ul class=\"KsbFXc U6u95\" data-complete=\"true\" data-processed=\"true\">\n<li data-hveid=\"CAUQAA\" data-complete=\"true\" data-sae=\"\"><span class=\"T286Pc\" data-sfc-cp=\"\" data-complete=\"true\"><strong class=\"Yjhzub\" data-complete=\"true\">Clase A<\/strong>: Fuegos que involucran materiales combustibles s\u00f3lidos comunes, como\u00a0<strong class=\"Yjhzub\" data-complete=\"true\">madera, papel, tela, cart\u00f3n y pl\u00e1sticos<\/strong>.<\/span><\/li>\n<li data-hveid=\"CAUQAQ\" data-complete=\"true\" data-sae=\"\"><span class=\"T286Pc\" data-sfc-cp=\"\" data-complete=\"true\"><strong class=\"Yjhzub\" data-complete=\"true\">Clase B<\/strong>: Fuegos causados por l\u00edquidos inflamables como\u00a0<strong class=\"Yjhzub\" data-complete=\"true\">gasolina, aceite, pinturas y solventes<\/strong>, as\u00ed como gases inflamables como butano o propano.<\/span><\/li>\n<li data-hveid=\"CAUQAg\" data-complete=\"true\" data-sae=\"\"><span class=\"T286Pc\" data-sfc-cp=\"\" data-complete=\"true\"><strong class=\"Yjhzub\" data-complete=\"true\">Clase C<\/strong>: Fuegos en los que intervienen\u00a0<strong class=\"Yjhzub\" data-complete=\"true\">equipos el\u00e9ctricos<\/strong>\u00a0energizados o cables. El polvo es diel\u00e9ctrico, lo que lo hace seguro para uso en presencia de corriente el\u00e9ctrica a una distancia segura.<\/span><span class=\"uJ19be notranslate\" data-wiz-uids=\"a7MNp_18\" data-complete=\"true\"><span class=\"vKEkVd\" data-animation-atomic=\"\" data-wiz-attrbind=\"class=a7MNp_17\/TKHnVd\" data-sae=\"\">\u00a0<\/span><\/span><\/li>\n<\/ul>\n","protected":false},"excerpt":{"rendered":"<p>Tipos de Fuego que Combate La clasificaci\u00f3n ABC indica los tipos espec\u00edficos de incendios que este agente extintor puede sofocar:\u00a0 Clase A: Fuegos que involucran materiales combustibles s\u00f3lidos comunes, como\u00a0madera, papel, tela, cart\u00f3n y pl\u00e1sticos. Clase B: Fuegos causados por l\u00edquidos inflamables como\u00a0gasolina, aceite, pinturas y solventes, as\u00ed como gases inflamables como butano o propano. [&hellip;]<\/p>\n","protected":false},"featured_media":1195,"comment_status":"open","ping_status":"closed","template":"","meta":{"_uag_custom_page_level_css":"","_monsterinsights_skip_tracking":false,"_monsterinsights_sitenote_active":false,"_monsterinsights_sitenote_note":"","_monsterinsights_sitenote_category":0,"site-sidebar-layout":"default","site-content-layout":"","ast-site-content-layout":"default","site-content-style":"default","site-sidebar-style":"default","ast-global-header-display":"","ast-banner-title-visibility":"","ast-main-header-display":"","ast-hfb-above-header-display":"","ast-hfb-below-header-display":"","ast-hfb-mobile-header-display":"","site-post-title":"","ast-breadcrumbs-content":"","ast-featured-img":"","footer-sml-layout":"","ast-disable-related-posts":"","theme-transparent-header-meta":"default","adv-header-id-meta":"","stick-header-meta":"","header-above-stick-meta":"","header-main-stick-meta":"","header-below-stick-meta":"","astra-migrate-meta-layouts":"set","ast-page-background-enabled":"default","ast-page-background-meta":{"desktop":{"background-color":"var(--ast-global-color-4)","background-image":"","background-repeat":"repeat","background-position":"center center","background-size":"auto","background-attachment":"scroll","background-type":"","background-media":"","overlay-type":"","overlay-color":"","overlay-opacity":"","overlay-gradient":""},"tablet":{"background-color":"","background-image":"","background-repeat":"repeat","background-position":"center center","background-size":"auto","background-attachment":"scroll","background-type":"","background-media":"","overlay-type":"","overlay-color":"","overlay-opacity":"","overlay-gradient":""},"mobile":{"background-color":"","background-image":"","background-repeat":"repeat","background-position":"center center","background-size":"auto","background-attachment":"scroll","background-type":"","background-media":"","overlay-type":"","overlay-color":"","overlay-opacity":"","overlay-gradient":""}},"ast-content-background-meta":{"desktop":{"background-color":"var(--ast-global-color-5)","background-image":"","background-repeat":"repeat","background-position":"center center","background-size":"auto","background-attachment":"scroll","background-type":"","background-media":"","overlay-type":"","overlay-color":"","overlay-opacity":"","overlay-gradient":""},"tablet":{"background-color":"var(--ast-global-color-5)","background-image":"","background-repeat":"repeat","background-position":"center center","background-size":"auto","background-attachment":"scroll","background-type":"","background-media":"","overlay-type":"","overlay-color":"","overlay-opacity":"","overlay-gradient":""},"mobile":{"background-color":"var(--ast-global-color-5)","background-image":"","background-repeat":"repeat","background-position":"center center","background-size":"auto","background-attachment":"scroll","background-type":"","background-media":"","overlay-type":"","overlay-color":"","overlay-opacity":"","overlay-gradient":""}}},"product_brand":[],"product_cat":[175],"product_tag":[],"class_list":{"0":"post-1194","1":"product","2":"type-product","3":"status-publish","4":"has-post-thumbnail","6":"product_cat-extintores-y-equipos-contra-incendios","7":"desktop-align-left","8":"tablet-align-left","9":"mobile-align-left","11":"first","12":"instock","13":"taxable","14":"shipping-taxable","15":"product-type-simple"},"aioseo_notices":[],"uagb_featured_image_src":{"full":["https:\/\/cladotaciones.com\/wp-content\/uploads\/2026\/01\/1000X1000-11.png",1000,1000,false],"thumbnail":["https:\/\/cladotaciones.com\/wp-content\/uploads\/2026\/01\/1000X1000-11-150x150.png",150,150,true],"medium":["https:\/\/cladotaciones.com\/wp-content\/uploads\/2026\/01\/1000X1000-11-300x300.png",300,300,true],"medium_large":["https:\/\/cladotaciones.com\/wp-content\/uploads\/2026\/01\/1000X1000-11-768x768.png",768,768,true],"large":["https:\/\/cladotaciones.com\/wp-content\/uploads\/2026\/01\/1000X1000-11.png",1000,1000,false],"1536x1536":["https:\/\/cladotaciones.com\/wp-content\/uploads\/2026\/01\/1000X1000-11.png",1000,1000,false],"2048x2048":["https:\/\/cladotaciones.com\/wp-content\/uploads\/2026\/01\/1000X1000-11.png",1000,1000,false],"mailpoet_newsletter_max":["https:\/\/cladotaciones.com\/wp-content\/uploads\/2026\/01\/1000X1000-11.png",1000,1000,false],"woocommerce_thumbnail":["https:\/\/cladotaciones.com\/wp-content\/uploads\/2026\/01\/1000X1000-11-300x300.png",300,300,true],"woocommerce_single":["https:\/\/cladotaciones.com\/wp-content\/uploads\/2026\/01\/1000X1000-11-600x600.png",600,600,true],"woocommerce_gallery_thumbnail":["https:\/\/cladotaciones.com\/wp-content\/uploads\/2026\/01\/1000X1000-11-100x100.png",100,100,true]},"uagb_author_info":{"display_name":"ventascla02@gmail.com","author_link":"https:\/\/cladotaciones.com\/inicio\/author\/"},"uagb_comment_info":0,"uagb_excerpt":"Tipos de Fuego que Combate La clasificaci\u00f3n ABC indica los tipos espec\u00edficos de incendios que este agente extintor puede sofocar:\u00a0 Clase A: Fuegos que involucran materiales combustibles s\u00f3lidos comunes, como\u00a0madera, papel, tela, cart\u00f3n y pl\u00e1sticos. Clase B: Fuegos causados por l\u00edquidos inflamables como\u00a0gasolina, aceite, pinturas y solventes, as\u00ed como gases inflamables como butano o propano.&hellip;","jetpack_sharing_enabled":true,"_links":{"self":[{"href":"https:\/\/cladotaciones.com\/inicio\/wp-json\/wp\/v2\/product\/1194","targetHints":{"allow":["GET"]}}],"collection":[{"href":"https:\/\/cladotaciones.com\/inicio\/wp-json\/wp\/v2\/product"}],"about":[{"href":"https:\/\/cladotaciones.com\/inicio\/wp-json\/wp\/v2\/types\/product"}],"replies":[{"embeddable":true,"href":"https:\/\/cladotaciones.com\/inicio\/wp-json\/wp\/v2\/comments?post=1194"}],"version-history":[{"count":1,"href":"https:\/\/cladotaciones.com\/inicio\/wp-json\/wp\/v2\/product\/1194\/revisions"}],"predecessor-version":[{"id":1196,"href":"https:\/\/cladotaciones.com\/inicio\/wp-json\/wp\/v2\/product\/1194\/revisions\/1196"}],"wp:featuredmedia":[{"embeddable":true,"href":"https:\/\/cladotaciones.com\/inicio\/wp-json\/wp\/v2\/media\/1195"}],"wp:attachment":[{"href":"https:\/\/cladotaciones.com\/inicio\/wp-json\/wp\/v2\/media?parent=1194"}],"wp:term":[{"taxonomy":"product_brand","embeddable":true,"href":"https:\/\/cladotaciones.com\/inicio\/wp-json\/wp\/v2\/product_brand?post=1194"},{"taxonomy":"product_cat","embeddable":true,"href":"https:\/\/cladotaciones.com\/inicio\/wp-json\/wp\/v2\/product_cat?post=1194"},{"taxonomy":"product_tag","embeddable":true,"href":"https:\/\/cladotaciones.com\/inicio\/wp-json\/wp\/v2\/product_tag?post=1194"}],"curies":[{"name":"wp","href":"https:\/\/api.w.org\/{rel}","templated":true}]}}