{"id":1201,"date":"2026-01-20T21:29:59","date_gmt":"2026-01-21T02:29:59","guid":{"rendered":"https:\/\/cladotaciones.com\/inicio\/?post_type=product&#038;p=1201"},"modified":"2026-01-20T21:32:54","modified_gmt":"2026-01-21T02:32:54","slug":"extintor-clase-bc-dioxido-de-carbono-co2-en-aluminio-5-10-15-y-20-libras","status":"publish","type":"product","link":"https:\/\/cladotaciones.com\/inicio\/producto\/extintor-clase-bc-dioxido-de-carbono-co2-en-aluminio-5-10-15-y-20-libras\/","title":{"rendered":"Extintor Clase BC &#8211; Di\u00f3xido de Carbono (CO2) en aluminio 5 , 10 , 15 y 20 Libras"},"content":{"rendered":"<div class=\"Y3BBE\" data-sfc-cp=\"\" data-hveid=\"CAEQAA\" data-processed=\"true\">Extintor de CO2 en aluminio <mark class=\"HxTRcb\" data-processed=\"true\">es un equipo ligero y eficaz para fuegos de Clase B (l\u00edquidos inflamables) y C (el\u00e9ctricos), usando di\u00f3xido de carbono como agente extintor que no deja residuos<\/mark>, ideal para entornos sensibles como salas de servidores o laboratorios, destacando por su cilindro de aluminio duradero y f\u00e1cil manejo, con modelos disponibles en varios tama\u00f1os (5, 10, 15, 20 lbs).<span class=\"uJ19be notranslate\" data-wiz-uids=\"SUUPsc_c\" data-processed=\"true\"><span class=\"vKEkVd\" data-animation-atomic=\"\" data-wiz-attrbind=\"class=SUUPsc_b\/TKHnVd\" data-processed=\"true\">\u00a0<button class=\"rBl3me\" tabindex=\"0\" data-amic=\"true\" data-icl-uuid=\"3163af86-acb0-456f-b6fb-71793f5166f0\" aria-label=\"Ver v\u00ednculos relacionados\" data-wiz-attrbind=\"disabled=SUUPsc_b\/C5gNJc;aria-label=SUUPsc_b\/bOjMyf;class=SUUPsc_b\/UpSNec\" data-ved=\"2ahUKEwil4uOmypuSAxUHmbAFHcguN9MQye0OegQIARAC\" data-processed=\"true\"><\/button><\/span><\/span><\/div>\n<div class=\"Y3BBE\" data-sfc-cp=\"\" data-hveid=\"CAIQAA\" data-processed=\"true\"><strong class=\"Yjhzub\" data-processed=\"true\">Caracter\u00edsticas Principales:<\/strong><button class=\"rBl3me\" tabindex=\"0\" data-amic=\"true\" data-icl-uuid=\"54ef140c-c9f2-47e1-8b69-b73179d2a236\" aria-label=\"Ver v\u00ednculos relacionados\" data-wiz-attrbind=\"disabled=SUUPsc_k\/C5gNJc;aria-label=SUUPsc_k\/bOjMyf;class=SUUPsc_k\/UpSNec\" data-ved=\"2ahUKEwil4uOmypuSAxUHmbAFHcguN9MQye0OegQIAhAB\" data-processed=\"true\"><\/button><\/div>\n<ul class=\"KsbFXc U6u95\" data-processed=\"true\">\n<li data-hveid=\"CAMQAA\" data-processed=\"true\"><span class=\"T286Pc\" data-sfc-cp=\"\" data-processed=\"true\"><strong class=\"Yjhzub\" data-processed=\"true\">Agente Extintor:<\/strong>\u00a0Di\u00f3xido de Carbono (CO2), un gas no conductor y limpio.<\/span><\/li>\n<li data-hveid=\"CAMQAQ\" data-processed=\"true\"><span class=\"T286Pc\" data-sfc-cp=\"\" data-processed=\"true\"><strong class=\"Yjhzub\" data-processed=\"true\">Clases de Fuego:<\/strong>\u00a0Efectivo contra l\u00edquidos inflamables (Clase B) y equipos el\u00e9ctricos energizados (Clase C).<\/span><\/li>\n<li data-hveid=\"CAMQAg\" data-processed=\"true\"><span class=\"T286Pc\" data-sfc-cp=\"\" data-processed=\"true\"><strong class=\"Yjhzub\" data-processed=\"true\">Material del Cilindro:<\/strong>\u00a0Aleaci\u00f3n de aluminio, lo que lo hace m\u00e1s ligero que los de acero.<\/span><\/li>\n<li data-hveid=\"CAMQAw\" data-processed=\"true\"><span class=\"T286Pc\" data-sfc-cp=\"\" data-processed=\"true\"><strong class=\"Yjhzub\" data-processed=\"true\">Sin Residuos:<\/strong>\u00a0El CO2 se evapora, no deja suciedad ni da\u00f1a equipos electr\u00f3nicos.<\/span><\/li>\n<li data-hveid=\"CAMQBA\" data-processed=\"true\"><span class=\"T286Pc\" data-sfc-cp=\"\" data-processed=\"true\"><strong class=\"Yjhzub\" data-processed=\"true\">Dise\u00f1o:<\/strong>\u00a0Incluye v\u00e1lvula de bronce cromado, manija de acero inoxidable y manguera con boquilla de corneta diel\u00e9ctrica.<\/span><span class=\"uJ19be notranslate\" data-wiz-uids=\"SUUPsc_13\" data-processed=\"true\"><span class=\"vKEkVd\" data-animation-atomic=\"\" data-wiz-attrbind=\"class=SUUPsc_12\/TKHnVd\" data-processed=\"true\">\u00a0<button class=\"rBl3me\" tabindex=\"0\" data-amic=\"true\" data-icl-uuid=\"924e6163-e72c-47fd-b1ad-68b8e0a2a650\" aria-label=\"Ver v\u00ednculos relacionados\" data-wiz-attrbind=\"disabled=SUUPsc_12\/C5gNJc;aria-label=SUUPsc_12\/bOjMyf;class=SUUPsc_12\/UpSNec\" data-ved=\"2ahUKEwil4uOmypuSAxUHmbAFHcguN9MQye0OegQIAxAF\" data-processed=\"true\"><\/button><\/span><\/span><\/li>\n<\/ul>\n<div class=\"Y3BBE\" data-sfc-cp=\"\" data-hveid=\"CAQQAA\" data-processed=\"true\"><strong class=\"Yjhzub\" data-processed=\"true\">Usos Ideales:<\/strong><button class=\"rBl3me\" tabindex=\"0\" data-amic=\"true\" data-icl-uuid=\"a81370d3-cd63-4e58-a62f-01c36af37ce2\" aria-label=\"Ver v\u00ednculos relacionados\" data-wiz-attrbind=\"disabled=SUUPsc_1c\/C5gNJc;aria-label=SUUPsc_1c\/bOjMyf;class=SUUPsc_1c\/UpSNec\" data-ved=\"2ahUKEwil4uOmypuSAxUHmbAFHcguN9MQye0OegQIBBAB\" data-processed=\"true\"><\/button><\/div>\n<ul class=\"KsbFXc U6u95\" data-processed=\"true\">\n<li data-hveid=\"CAUQAA\" data-processed=\"true\"><span class=\"T286Pc\" data-sfc-cp=\"\" data-processed=\"true\"><strong class=\"Yjhzub\" data-processed=\"true\">Entornos Sensibles:<\/strong>\u00a0Salas de servidores, laboratorios, cocinas industriales, centros de control.<\/span><\/li>\n<li data-hveid=\"CAUQAQ\" data-processed=\"true\"><span class=\"T286Pc\" data-sfc-cp=\"\" data-processed=\"true\"><strong class=\"Yjhzub\" data-processed=\"true\">Equipos Electr\u00f3nicos:<\/strong>\u00a0Ideal para no causar da\u00f1os por residuos.<\/span><span class=\"uJ19be notranslate\" data-wiz-uids=\"SUUPsc_1m\" data-processed=\"true\"><span class=\"vKEkVd\" data-animation-atomic=\"\" data-wiz-attrbind=\"class=SUUPsc_1l\/TKHnVd\" data-processed=\"true\">\u00a0<button class=\"rBl3me\" tabindex=\"0\" data-amic=\"true\" data-icl-uuid=\"0384f5e3-21f1-486f-aa9c-ea033493b7db\" aria-label=\"Ver v\u00ednculos relacionados\" data-wiz-attrbind=\"disabled=SUUPsc_1l\/C5gNJc;aria-label=SUUPsc_1l\/bOjMyf;class=SUUPsc_1l\/UpSNec\" data-ved=\"2ahUKEwil4uOmypuSAxUHmbAFHcguN9MQye0OegQIBRAC\" data-processed=\"true\"><\/button><\/span><\/span><\/li>\n<\/ul>\n<div class=\"Y3BBE\" data-sfc-cp=\"\" data-hveid=\"CAYQAA\" data-processed=\"true\"><strong class=\"Yjhzub\" data-processed=\"true\">Consideraciones al Usar:<\/strong><button class=\"rBl3me\" tabindex=\"0\" data-amic=\"true\" data-icl-uuid=\"d2f37497-1a03-4fd3-a76c-90c13be4f23c\" aria-label=\"Ver v\u00ednculos relacionados\" data-wiz-attrbind=\"disabled=SUUPsc_1t\/C5gNJc;aria-label=SUUPsc_1t\/bOjMyf;class=SUUPsc_1t\/UpSNec\" data-ved=\"2ahUKEwil4uOmypuSAxUHmbAFHcguN9MQye0OegQIBhAB\" data-processed=\"true\"><\/button><\/div>\n<ul class=\"KsbFXc U6u95\" data-processed=\"true\">\n<li data-hveid=\"CAcQAA\" data-processed=\"true\"><span class=\"T286Pc\" data-sfc-cp=\"\" data-processed=\"true\">Suelen operar sin man\u00f3metro, ya que el propio CO2 mantiene la presi\u00f3n.<\/span><\/li>\n<li data-hveid=\"CAcQAQ\" data-processed=\"true\"><span class=\"T286Pc\" data-sfc-cp=\"\" data-processed=\"true\">Se descargan como una &#8220;nieve carb\u00f3nica&#8221; que sofoca el fuego al desplazar el ox\u00edgeno.<\/span><\/li>\n<li data-hveid=\"CAcQAg\" data-processed=\"true\"><span class=\"T286Pc\" data-sfc-cp=\"\" data-processed=\"true\">Se recomienda verificar la etiqueta y mantener una distancia segura al operar.<\/span><span class=\"uJ19be notranslate\" data-wiz-uids=\"SUUPsc_23\" data-processed=\"true\"><span class=\"vKEkVd\" data-animation-atomic=\"\" data-wiz-attrbind=\"class=SUUPsc_22\/TKHnVd\" data-processed=\"true\">\u00a0<\/span><\/span><\/li>\n<\/ul>\n","protected":false},"excerpt":{"rendered":"<p>Extintor de CO2 en aluminio es un equipo ligero y eficaz para fuegos de Clase B (l\u00edquidos inflamables) y C (el\u00e9ctricos), usando di\u00f3xido de carbono como agente extintor que no deja residuos, ideal para entornos sensibles como salas de servidores o laboratorios, destacando por su cilindro de aluminio duradero y f\u00e1cil manejo, con modelos disponibles [&hellip;]<\/p>\n","protected":false},"featured_media":1202,"comment_status":"open","ping_status":"closed","template":"","meta":{"_uag_custom_page_level_css":"","_monsterinsights_skip_tracking":false,"_monsterinsights_sitenote_active":false,"_monsterinsights_sitenote_note":"","_monsterinsights_sitenote_category":0,"site-sidebar-layout":"default","site-content-layout":"","ast-site-content-layout":"default","site-content-style":"default","site-sidebar-style":"default","ast-global-header-display":"","ast-banner-title-visibility":"","ast-main-header-display":"","ast-hfb-above-header-display":"","ast-hfb-below-header-display":"","ast-hfb-mobile-header-display":"","site-post-title":"","ast-breadcrumbs-content":"","ast-featured-img":"","footer-sml-layout":"","ast-disable-related-posts":"","theme-transparent-header-meta":"default","adv-header-id-meta":"","stick-header-meta":"","header-above-stick-meta":"","header-main-stick-meta":"","header-below-stick-meta":"","astra-migrate-meta-layouts":"set","ast-page-background-enabled":"default","ast-page-background-meta":{"desktop":{"background-color":"var(--ast-global-color-4)","background-image":"","background-repeat":"repeat","background-position":"center center","background-size":"auto","background-attachment":"scroll","background-type":"","background-media":"","overlay-type":"","overlay-color":"","overlay-opacity":"","overlay-gradient":""},"tablet":{"background-color":"","background-image":"","background-repeat":"repeat","background-position":"center center","background-size":"auto","background-attachment":"scroll","background-type":"","background-media":"","overlay-type":"","overlay-color":"","overlay-opacity":"","overlay-gradient":""},"mobile":{"background-color":"","background-image":"","background-repeat":"repeat","background-position":"center center","background-size":"auto","background-attachment":"scroll","background-type":"","background-media":"","overlay-type":"","overlay-color":"","overlay-opacity":"","overlay-gradient":""}},"ast-content-background-meta":{"desktop":{"background-color":"var(--ast-global-color-5)","background-image":"","background-repeat":"repeat","background-position":"center center","background-size":"auto","background-attachment":"scroll","background-type":"","background-media":"","overlay-type":"","overlay-color":"","overlay-opacity":"","overlay-gradient":""},"tablet":{"background-color":"var(--ast-global-color-5)","background-image":"","background-repeat":"repeat","background-position":"center center","background-size":"auto","background-attachment":"scroll","background-type":"","background-media":"","overlay-type":"","overlay-color":"","overlay-opacity":"","overlay-gradient":""},"mobile":{"background-color":"var(--ast-global-color-5)","background-image":"","background-repeat":"repeat","background-position":"center center","background-size":"auto","background-attachment":"scroll","background-type":"","background-media":"","overlay-type":"","overlay-color":"","overlay-opacity":"","overlay-gradient":""}}},"product_brand":[],"product_cat":[175],"product_tag":[],"class_list":{"0":"post-1201","1":"product","2":"type-product","3":"status-publish","4":"has-post-thumbnail","6":"product_cat-extintores-y-equipos-contra-incendios","7":"desktop-align-left","8":"tablet-align-left","9":"mobile-align-left","11":"first","12":"instock","13":"taxable","14":"shipping-taxable","15":"product-type-simple"},"aioseo_notices":[],"uagb_featured_image_src":{"full":["https:\/\/cladotaciones.com\/wp-content\/uploads\/2026\/01\/Diseno-sin-titulo-5.png",1000,1000,false],"thumbnail":["https:\/\/cladotaciones.com\/wp-content\/uploads\/2026\/01\/Diseno-sin-titulo-5-150x150.png",150,150,true],"medium":["https:\/\/cladotaciones.com\/wp-content\/uploads\/2026\/01\/Diseno-sin-titulo-5-300x300.png",300,300,true],"medium_large":["https:\/\/cladotaciones.com\/wp-content\/uploads\/2026\/01\/Diseno-sin-titulo-5-768x768.png",768,768,true],"large":["https:\/\/cladotaciones.com\/wp-content\/uploads\/2026\/01\/Diseno-sin-titulo-5.png",1000,1000,false],"1536x1536":["https:\/\/cladotaciones.com\/wp-content\/uploads\/2026\/01\/Diseno-sin-titulo-5.png",1000,1000,false],"2048x2048":["https:\/\/cladotaciones.com\/wp-content\/uploads\/2026\/01\/Diseno-sin-titulo-5.png",1000,1000,false],"mailpoet_newsletter_max":["https:\/\/cladotaciones.com\/wp-content\/uploads\/2026\/01\/Diseno-sin-titulo-5.png",1000,1000,false],"woocommerce_thumbnail":["https:\/\/cladotaciones.com\/wp-content\/uploads\/2026\/01\/Diseno-sin-titulo-5-300x300.png",300,300,true],"woocommerce_single":["https:\/\/cladotaciones.com\/wp-content\/uploads\/2026\/01\/Diseno-sin-titulo-5-600x600.png",600,600,true],"woocommerce_gallery_thumbnail":["https:\/\/cladotaciones.com\/wp-content\/uploads\/2026\/01\/Diseno-sin-titulo-5-100x100.png",100,100,true]},"uagb_author_info":{"display_name":"ventascla02@gmail.com","author_link":"https:\/\/cladotaciones.com\/inicio\/author\/"},"uagb_comment_info":0,"uagb_excerpt":"Extintor de CO2 en aluminio es un equipo ligero y eficaz para fuegos de Clase B (l\u00edquidos inflamables) y C (el\u00e9ctricos), usando di\u00f3xido de carbono como agente extintor que no deja residuos, ideal para entornos sensibles como salas de servidores o laboratorios, destacando por su cilindro de aluminio duradero y f\u00e1cil manejo, con modelos disponibles&hellip;","jetpack_sharing_enabled":true,"_links":{"self":[{"href":"https:\/\/cladotaciones.com\/inicio\/wp-json\/wp\/v2\/product\/1201","targetHints":{"allow":["GET"]}}],"collection":[{"href":"https:\/\/cladotaciones.com\/inicio\/wp-json\/wp\/v2\/product"}],"about":[{"href":"https:\/\/cladotaciones.com\/inicio\/wp-json\/wp\/v2\/types\/product"}],"replies":[{"embeddable":true,"href":"https:\/\/cladotaciones.com\/inicio\/wp-json\/wp\/v2\/comments?post=1201"}],"version-history":[{"count":1,"href":"https:\/\/cladotaciones.com\/inicio\/wp-json\/wp\/v2\/product\/1201\/revisions"}],"predecessor-version":[{"id":1205,"href":"https:\/\/cladotaciones.com\/inicio\/wp-json\/wp\/v2\/product\/1201\/revisions\/1205"}],"wp:featuredmedia":[{"embeddable":true,"href":"https:\/\/cladotaciones.com\/inicio\/wp-json\/wp\/v2\/media\/1202"}],"wp:attachment":[{"href":"https:\/\/cladotaciones.com\/inicio\/wp-json\/wp\/v2\/media?parent=1201"}],"wp:term":[{"taxonomy":"product_brand","embeddable":true,"href":"https:\/\/cladotaciones.com\/inicio\/wp-json\/wp\/v2\/product_brand?post=1201"},{"taxonomy":"product_cat","embeddable":true,"href":"https:\/\/cladotaciones.com\/inicio\/wp-json\/wp\/v2\/product_cat?post=1201"},{"taxonomy":"product_tag","embeddable":true,"href":"https:\/\/cladotaciones.com\/inicio\/wp-json\/wp\/v2\/product_tag?post=1201"}],"curies":[{"name":"wp","href":"https:\/\/api.w.org\/{rel}","templated":true}]}}