{"id":1206,"date":"2026-01-20T21:44:58","date_gmt":"2026-01-21T02:44:58","guid":{"rendered":"https:\/\/cladotaciones.com\/inicio\/?post_type=product&#038;p=1206"},"modified":"2026-01-20T21:44:58","modified_gmt":"2026-01-21T02:44:58","slug":"extintor-co2-acero-al-carbon-de-5-10-15-y-20-libras","status":"publish","type":"product","link":"https:\/\/cladotaciones.com\/inicio\/producto\/extintor-co2-acero-al-carbon-de-5-10-15-y-20-libras\/","title":{"rendered":"Extintor CO2 Acero al carbon de 5 ,10, 15 y 20 libras"},"content":{"rendered":"<div class=\"Y3BBE\" data-sfc-cp=\"\" data-hveid=\"CAEQAA\" data-processed=\"true\">Extintor de CO2 en acero al carb\u00f3n <mark class=\"HxTRcb\" data-processed=\"true\">es un equipo de seguridad robusto que usa di\u00f3xido de carbono para apagar incendios de\u00a0<strong class=\"Yjhzub\" data-processed=\"true\">Clase B<\/strong>\u00a0(l\u00edquidos inflamables como gasolina) y\u00a0<strong class=\"Yjhzub\" data-processed=\"true\">Clase C<\/strong>\u00a0(equipos el\u00e9ctricos energizados)<\/mark>, siendo ideal para centros de datos, salas de servidores y cocinas, porque el CO2 es no conductor, no deja residuos y su cuerpo de acero al carb\u00f3n soporta la alta presi\u00f3n. Su dise\u00f1o permite una descarga limpia y eficaz, minimizando da\u00f1os a equipos sensibles, y se encuentra en capacidades desde 5 hasta 50 lbs o m\u00e1s, a menudo en versiones port\u00e1tiles o con carretilla.<span class=\"uJ19be notranslate\" data-wiz-uids=\"yE55dd_e\" data-processed=\"true\"><span class=\"vKEkVd\" data-animation-atomic=\"\" data-wiz-attrbind=\"class=yE55dd_d\/TKHnVd\" data-processed=\"true\">\u00a0<button class=\"rBl3me\" tabindex=\"0\" data-amic=\"true\" data-icl-uuid=\"f0636885-40d6-4839-9dfc-60c89f5b8bb2\" aria-label=\"Ver v\u00ednculos relacionados\" data-wiz-attrbind=\"disabled=yE55dd_d\/C5gNJc;aria-label=yE55dd_d\/bOjMyf;class=yE55dd_d\/UpSNec\" data-ved=\"2ahUKEwiRvNHFzZuSAxVaVzABHSOUAGsQye0OegQIARAC\" data-processed=\"true\"><\/button><\/span><\/span><\/div>\n<div class=\"Fsg96\" data-sfc-cp=\"\" data-processed=\"true\"><\/div>\n<div class=\"otQkpb\" role=\"heading\" aria-level=\"3\" data-animation-nesting=\"\" data-sfc-cp=\"\" data-processed=\"true\">Caracter\u00edsticas principales<button class=\"rBl3me\" tabindex=\"0\" data-amic=\"true\" data-icl-uuid=\"34d0cf1b-fb2a-4cac-b569-4d678a2cc947\" aria-label=\"Ver v\u00ednculos relacionados\" data-wiz-attrbind=\"disabled=yE55dd_l\/C5gNJc;aria-label=yE55dd_l\/bOjMyf;class=yE55dd_l\/UpSNec\" data-ved=\"2ahUKEwiRvNHFzZuSAxVaVzABHSOUAGsQye0OegQIAhAA\" data-processed=\"true\"><\/button><\/div>\n<ul class=\"KsbFXc U6u95\" data-processed=\"true\">\n<li data-hveid=\"CAMQAA\" data-processed=\"true\"><span class=\"T286Pc\" data-sfc-cp=\"\" data-processed=\"true\"><strong class=\"Yjhzub\" data-processed=\"true\">Material:<\/strong>\u00a0Cuerpo de acero al carb\u00f3n, robusto para alta presi\u00f3n.<\/span><\/li>\n<li data-hveid=\"CAMQAQ\" data-processed=\"true\"><span class=\"T286Pc\" data-sfc-cp=\"\" data-processed=\"true\"><strong class=\"Yjhzub\" data-processed=\"true\">Agente extintor:<\/strong>\u00a0Di\u00f3xido de Carbono (CO2).<\/span><\/li>\n<li data-hveid=\"CAMQAg\" data-processed=\"true\"><span class=\"T286Pc\" data-sfc-cp=\"\" data-processed=\"true\"><strong class=\"Yjhzub\" data-processed=\"true\">Clases de fuego:<\/strong>\u00a0B (l\u00edquidos) y C (el\u00e9ctricos\/electr\u00f3nicos).<\/span><\/li>\n<li data-hveid=\"CAMQAw\" data-processed=\"true\"><span class=\"T286Pc\" data-sfc-cp=\"\" data-processed=\"true\"><strong class=\"Yjhzub\" data-processed=\"true\">Ventajas:<\/strong>\u00a0No conductor, no deja residuos, ideal para equipos sensibles.<\/span><\/li>\n<li data-hveid=\"CAMQBA\" data-processed=\"true\"><span class=\"T286Pc\" data-sfc-cp=\"\" data-processed=\"true\"><strong class=\"Yjhzub\" data-processed=\"true\">Usos comunes:<\/strong>\u00a0Cuartos de servidores, laboratorios, cocinas, plantas el\u00e9ctricas, talleres.<\/span><\/li>\n<li data-hveid=\"CAMQBQ\" data-processed=\"true\"><span class=\"T286Pc\" data-sfc-cp=\"\" data-processed=\"true\"><strong class=\"Yjhzub\" data-processed=\"true\">Capacidades:<\/strong>\u00a0Varias, incluyendo 5, 10, 15, 20, 50 lbs.<\/span><span class=\"uJ19be notranslate\" data-wiz-uids=\"yE55dd_17\" data-processed=\"true\"><span class=\"vKEkVd\" data-animation-atomic=\"\" data-wiz-attrbind=\"class=yE55dd_16\/TKHnVd\" data-processed=\"true\">\u00a0<button class=\"rBl3me\" tabindex=\"0\" data-amic=\"true\" data-icl-uuid=\"dd888feb-a23b-4cd4-a1dc-012c20297211\" aria-label=\"Ver v\u00ednculos relacionados\" data-wiz-attrbind=\"disabled=yE55dd_16\/C5gNJc;aria-label=yE55dd_16\/bOjMyf;class=yE55dd_16\/UpSNec\" data-ved=\"2ahUKEwiRvNHFzZuSAxVaVzABHSOUAGsQye0OegQIAxAG\" data-processed=\"true\"><\/button><\/span><\/span><\/li>\n<\/ul>\n<div class=\"Fsg96\" data-sfc-cp=\"\" data-processed=\"true\"><\/div>\n<div class=\"otQkpb\" role=\"heading\" aria-level=\"3\" data-animation-nesting=\"\" data-sfc-cp=\"\" data-processed=\"true\">Consideraciones adicionales<button class=\"rBl3me\" tabindex=\"0\" data-amic=\"true\" data-icl-uuid=\"6a56e124-03aa-45e8-b304-03d76b2a36f9\" aria-label=\"Ver v\u00ednculos relacionados\" data-wiz-attrbind=\"disabled=yE55dd_1h\/C5gNJc;aria-label=yE55dd_1h\/bOjMyf;class=yE55dd_1h\/UpSNec\" data-ved=\"2ahUKEwiRvNHFzZuSAxVaVzABHSOUAGsQye0OegQIBBAA\" data-processed=\"true\"><\/button><\/div>\n<ul class=\"KsbFXc U6u95\" data-processed=\"true\">\n<li data-hveid=\"CAUQAA\" data-processed=\"true\"><span class=\"T286Pc\" data-sfc-cp=\"\" data-processed=\"true\"><strong class=\"Yjhzub\" data-processed=\"true\">Aluminio vs. Acero:<\/strong>\u00a0Aunque el acero al carb\u00f3n es com\u00fan, tambi\u00e9n existen versiones en aluminio para mayor ligereza.<\/span><\/li>\n<li data-hveid=\"CAUQAQ\" data-processed=\"true\"><span class=\"T286Pc\" data-sfc-cp=\"\" data-processed=\"true\"><strong class=\"Yjhzub\" data-processed=\"true\">Mantenimiento:<\/strong>\u00a0Requieren revisi\u00f3n anual y recarga cada 5 a\u00f1os aproximadamente.<\/span><span class=\"uJ19be notranslate\" data-wiz-uids=\"yE55dd_1r\" data-processed=\"true\"><span class=\"vKEkVd\" data-animation-atomic=\"\" data-wiz-attrbind=\"class=yE55dd_1q\/TKHnVd\" data-processed=\"true\">\u00a0<button class=\"rBl3me\" tabindex=\"0\" data-amic=\"true\" data-icl-uuid=\"e6ef1fec-4262-467a-b459-fceb8d881447\" aria-label=\"Ver v\u00ednculos relacionados\" data-wiz-attrbind=\"disabled=yE55dd_1q\/C5gNJc;aria-label=yE55dd_1q\/bOjMyf;class=yE55dd_1q\/UpSNec\" data-ved=\"2ahUKEwiRvNHFzZuSAxVaVzABHSOUAGsQye0OegQIBRAC\" data-processed=\"true\"><\/button><\/span><\/span><\/li>\n<\/ul>\n<div class=\"Y3BBE\" data-sfc-cp=\"\" data-hveid=\"CAYQAA\" data-processed=\"true\">En resumen, si necesitas proteger equipos el\u00e9ctricos o \u00e1reas con l\u00edquidos inflamables sin causar da\u00f1os secundarios, un extintor de CO2 de acero al carb\u00f3n es la soluci\u00f3n recomendada.<span class=\"uJ19be notranslate\" data-wiz-uids=\"yE55dd_1x\" data-processed=\"true\"><span class=\"vKEkVd\" data-animation-atomic=\"\" data-wiz-attrbind=\"class=yE55dd_1w\/TKHnVd\" data-processed=\"true\">\u00a0<\/span><\/span><\/div>\n","protected":false},"excerpt":{"rendered":"<p>Extintor de CO2 en acero al carb\u00f3n es un equipo de seguridad robusto que usa di\u00f3xido de carbono para apagar incendios de\u00a0Clase B\u00a0(l\u00edquidos inflamables como gasolina) y\u00a0Clase C\u00a0(equipos el\u00e9ctricos energizados), siendo ideal para centros de datos, salas de servidores y cocinas, porque el CO2 es no conductor, no deja residuos y su cuerpo de acero [&hellip;]<\/p>\n","protected":false},"featured_media":1207,"comment_status":"open","ping_status":"closed","template":"","meta":{"_uag_custom_page_level_css":"","_monsterinsights_skip_tracking":false,"_monsterinsights_sitenote_active":false,"_monsterinsights_sitenote_note":"","_monsterinsights_sitenote_category":0,"site-sidebar-layout":"default","site-content-layout":"","ast-site-content-layout":"default","site-content-style":"default","site-sidebar-style":"default","ast-global-header-display":"","ast-banner-title-visibility":"","ast-main-header-display":"","ast-hfb-above-header-display":"","ast-hfb-below-header-display":"","ast-hfb-mobile-header-display":"","site-post-title":"","ast-breadcrumbs-content":"","ast-featured-img":"","footer-sml-layout":"","ast-disable-related-posts":"","theme-transparent-header-meta":"default","adv-header-id-meta":"","stick-header-meta":"","header-above-stick-meta":"","header-main-stick-meta":"","header-below-stick-meta":"","astra-migrate-meta-layouts":"set","ast-page-background-enabled":"default","ast-page-background-meta":{"desktop":{"background-color":"var(--ast-global-color-4)","background-image":"","background-repeat":"repeat","background-position":"center center","background-size":"auto","background-attachment":"scroll","background-type":"","background-media":"","overlay-type":"","overlay-color":"","overlay-opacity":"","overlay-gradient":""},"tablet":{"background-color":"","background-image":"","background-repeat":"repeat","background-position":"center center","background-size":"auto","background-attachment":"scroll","background-type":"","background-media":"","overlay-type":"","overlay-color":"","overlay-opacity":"","overlay-gradient":""},"mobile":{"background-color":"","background-image":"","background-repeat":"repeat","background-position":"center center","background-size":"auto","background-attachment":"scroll","background-type":"","background-media":"","overlay-type":"","overlay-color":"","overlay-opacity":"","overlay-gradient":""}},"ast-content-background-meta":{"desktop":{"background-color":"var(--ast-global-color-5)","background-image":"","background-repeat":"repeat","background-position":"center center","background-size":"auto","background-attachment":"scroll","background-type":"","background-media":"","overlay-type":"","overlay-color":"","overlay-opacity":"","overlay-gradient":""},"tablet":{"background-color":"var(--ast-global-color-5)","background-image":"","background-repeat":"repeat","background-position":"center center","background-size":"auto","background-attachment":"scroll","background-type":"","background-media":"","overlay-type":"","overlay-color":"","overlay-opacity":"","overlay-gradient":""},"mobile":{"background-color":"var(--ast-global-color-5)","background-image":"","background-repeat":"repeat","background-position":"center center","background-size":"auto","background-attachment":"scroll","background-type":"","background-media":"","overlay-type":"","overlay-color":"","overlay-opacity":"","overlay-gradient":""}}},"product_brand":[],"product_cat":[175],"product_tag":[],"class_list":{"0":"post-1206","1":"product","2":"type-product","3":"status-publish","4":"has-post-thumbnail","6":"product_cat-extintores-y-equipos-contra-incendios","7":"desktop-align-left","8":"tablet-align-left","9":"mobile-align-left","11":"first","12":"instock","13":"taxable","14":"shipping-taxable","15":"product-type-simple"},"aioseo_notices":[],"uagb_featured_image_src":{"full":["https:\/\/cladotaciones.com\/wp-content\/uploads\/2026\/01\/Diseno-sin-titulo-7.png",1000,1000,false],"thumbnail":["https:\/\/cladotaciones.com\/wp-content\/uploads\/2026\/01\/Diseno-sin-titulo-7-150x150.png",150,150,true],"medium":["https:\/\/cladotaciones.com\/wp-content\/uploads\/2026\/01\/Diseno-sin-titulo-7-300x300.png",300,300,true],"medium_large":["https:\/\/cladotaciones.com\/wp-content\/uploads\/2026\/01\/Diseno-sin-titulo-7-768x768.png",768,768,true],"large":["https:\/\/cladotaciones.com\/wp-content\/uploads\/2026\/01\/Diseno-sin-titulo-7.png",1000,1000,false],"1536x1536":["https:\/\/cladotaciones.com\/wp-content\/uploads\/2026\/01\/Diseno-sin-titulo-7.png",1000,1000,false],"2048x2048":["https:\/\/cladotaciones.com\/wp-content\/uploads\/2026\/01\/Diseno-sin-titulo-7.png",1000,1000,false],"mailpoet_newsletter_max":["https:\/\/cladotaciones.com\/wp-content\/uploads\/2026\/01\/Diseno-sin-titulo-7.png",1000,1000,false],"woocommerce_thumbnail":["https:\/\/cladotaciones.com\/wp-content\/uploads\/2026\/01\/Diseno-sin-titulo-7-300x300.png",300,300,true],"woocommerce_single":["https:\/\/cladotaciones.com\/wp-content\/uploads\/2026\/01\/Diseno-sin-titulo-7-600x600.png",600,600,true],"woocommerce_gallery_thumbnail":["https:\/\/cladotaciones.com\/wp-content\/uploads\/2026\/01\/Diseno-sin-titulo-7-100x100.png",100,100,true]},"uagb_author_info":{"display_name":"ventascla02@gmail.com","author_link":"https:\/\/cladotaciones.com\/inicio\/author\/"},"uagb_comment_info":0,"uagb_excerpt":"Extintor de CO2 en acero al carb\u00f3n es un equipo de seguridad robusto que usa di\u00f3xido de carbono para apagar incendios de\u00a0Clase B\u00a0(l\u00edquidos inflamables como gasolina) y\u00a0Clase C\u00a0(equipos el\u00e9ctricos energizados), siendo ideal para centros de datos, salas de servidores y cocinas, porque el CO2 es no conductor, no deja residuos y su cuerpo de acero&hellip;","jetpack_sharing_enabled":true,"_links":{"self":[{"href":"https:\/\/cladotaciones.com\/inicio\/wp-json\/wp\/v2\/product\/1206","targetHints":{"allow":["GET"]}}],"collection":[{"href":"https:\/\/cladotaciones.com\/inicio\/wp-json\/wp\/v2\/product"}],"about":[{"href":"https:\/\/cladotaciones.com\/inicio\/wp-json\/wp\/v2\/types\/product"}],"replies":[{"embeddable":true,"href":"https:\/\/cladotaciones.com\/inicio\/wp-json\/wp\/v2\/comments?post=1206"}],"version-history":[{"count":1,"href":"https:\/\/cladotaciones.com\/inicio\/wp-json\/wp\/v2\/product\/1206\/revisions"}],"predecessor-version":[{"id":1210,"href":"https:\/\/cladotaciones.com\/inicio\/wp-json\/wp\/v2\/product\/1206\/revisions\/1210"}],"wp:featuredmedia":[{"embeddable":true,"href":"https:\/\/cladotaciones.com\/inicio\/wp-json\/wp\/v2\/media\/1207"}],"wp:attachment":[{"href":"https:\/\/cladotaciones.com\/inicio\/wp-json\/wp\/v2\/media?parent=1206"}],"wp:term":[{"taxonomy":"product_brand","embeddable":true,"href":"https:\/\/cladotaciones.com\/inicio\/wp-json\/wp\/v2\/product_brand?post=1206"},{"taxonomy":"product_cat","embeddable":true,"href":"https:\/\/cladotaciones.com\/inicio\/wp-json\/wp\/v2\/product_cat?post=1206"},{"taxonomy":"product_tag","embeddable":true,"href":"https:\/\/cladotaciones.com\/inicio\/wp-json\/wp\/v2\/product_tag?post=1206"}],"curies":[{"name":"wp","href":"https:\/\/api.w.org\/{rel}","templated":true}]}}